{"id":10,"date":"2019-07-23T19:08:59","date_gmt":"2019-07-23T17:08:59","guid":{"rendered":"https:\/\/trensa.com\/cedivet\/?page_id=10"},"modified":"2022-12-14T02:09:31","modified_gmt":"2022-12-14T01:09:31","slug":"laboratorio-cedivet","status":"publish","type":"page","link":"https:\/\/trensa.com\/cedivet\/","title":{"rendered":"Laboratorio CEDIVET"},"content":{"rendered":"<p>[et_pb_section fb_built=\u00bb1&#8243; fullwidth=\u00bbon\u00bb _builder_version=\u00bb4.16&#8243; top_divider_style=\u00bbwaves2&#8243; top_divider_color=\u00bb#01633a\u00bb top_divider_height=\u00bb19px\u00bb top_divider_repeat=\u00bb9x\u00bb global_colors_info=\u00bb{}\u00bb][et_pb_fullwidth_image src=\u00bbhttps:\/\/trensa.com\/cedivet\/wp-content\/uploads\/2019\/07\/trenza-banner.jpg\u00bb _builder_version=\u00bb4.16&#8243; global_colors_info=\u00bb{}\u00bb][\/et_pb_fullwidth_image][\/et_pb_section][et_pb_section fb_built=\u00bb1&#8243; module_id=\u00bbsobre-nosotros\u00bb _builder_version=\u00bb4.16&#8243; global_colors_info=\u00bb{}\u00bb][et_pb_row column_structure=\u00bb1_2,1_2&#8243; _builder_version=\u00bb4.16&#8243; global_colors_info=\u00bb{}\u00bb][et_pb_column type=\u00bb1_2&#8243; _builder_version=\u00bb4.16&#8243; global_colors_info=\u00bb{}\u00bb][et_pb_text _builder_version=\u00bb4.16&#8243; header_font=\u00bb|600|||||||\u00bb header_text_color=\u00bb#01633a\u00bb header_font_size=\u00bb24px\u00bb global_colors_info=\u00bb{}\u00bb]<\/p>\n<h1>SOBRE NOSOTROS<\/h1>\n<p>[\/et_pb_text][et_pb_text _builder_version=\u00bb4.16&#8243; text_font_size=\u00bb15px\u00bb global_colors_info=\u00bb{}\u00bb]<\/p>\n<p>CEDIVET es una empresa que se origin\u00f3 en la Ciudad de Guatemala como Centro de Diagn\u00f3stico Veterinario en el a\u00f1o 1,992. Fundado por el reconocido Dr. Frederick Trent.<\/p>\n<p>CEDIVET se\u00a0 dedica al diagn\u00f3stico microbiol\u00f3gico cl\u00ednico veterinario e industrial. Adicionalmente se recolecta, procesa y envasa la sangre de carnero desfibrinada obteniendo un producto est\u00e9ril de primera calidad para el uso en la preparaci\u00f3n de medios de cultivo y diagn\u00f3stico microbiol\u00f3gico.<\/p>\n<p>Nuestra <em>misi\u00f3n<\/em> es de proporcionar a nuestros clientes un producto confiable, accesible, y manteniendo excelencia en calidad.<\/p>\n<p>Nuestra <em>visi\u00f3n<\/em> es de consolidarnos como empresa l\u00edder en el mercado Centroamericano y el sur de M\u00e9xico como una empresa altamente eficiente y eficaz, innovadora, proactiva y rentable.<\/p>\n<p>&nbsp;<\/p>\n<p>[\/et_pb_text][\/et_pb_column][et_pb_column type=\u00bb1_2&#8243; _builder_version=\u00bb4.16&#8243; global_colors_info=\u00bb{}\u00bb][et_pb_image src=\u00bbhttps:\/\/trensa.com\/cedivet\/wp-content\/uploads\/2019\/07\/sobre-nosotros.jpg\u00bb align=\u00bbcenter\u00bb _builder_version=\u00bb4.16&#8243; transform_scale_tablet=\u00bb\u00bb transform_scale_phone=\u00bb\u00bb transform_scale_last_edited=\u00bbon|desktop\u00bb transform_translate_last_edited=\u00bboff|desktop\u00bb transform_rotate=\u00bb0deg|0deg|7deg\u00bb transform_rotate_tablet=\u00bb0deg|0deg|0deg\u00bb transform_rotate_phone=\u00bb0deg|0deg|0deg\u00bb transform_rotate_last_edited=\u00bbon|desktop\u00bb transform_skew_last_edited=\u00bboff|desktop\u00bb transform_origin_last_edited=\u00bboff|desktop\u00bb transform_styles_last_edited=\u00bbon|desktop\u00bb width=\u00bb80%\u00bb width_tablet=\u00bb\u00bb width_phone=\u00bb\u00bb width_last_edited=\u00bbon|phone\u00bb custom_margin=\u00bb25px||||false|false\u00bb animation_style=\u00bbbounce\u00bb transform_styles_tablet=\u00bb\u00bb transform_styles_phone=\u00bb\u00bb border_width_all=\u00bb6px\u00bb border_color_all=\u00bb#01633a\u00bb global_colors_info=\u00bb{}\u00bb][\/et_pb_image][\/et_pb_column][\/et_pb_row][\/et_pb_section][et_pb_section fb_built=\u00bb1&#8243; module_id=\u00bbproducto\u00bb _builder_version=\u00bb4.16&#8243; global_colors_info=\u00bb{}\u00bb][et_pb_row column_structure=\u00bb1_3,2_3&#8243; use_custom_gutter=\u00bbon\u00bb gutter_width=\u00bb2&#8243; _builder_version=\u00bb4.16&#8243; global_colors_info=\u00bb{}\u00bb][et_pb_column type=\u00bb1_3&#8243; _builder_version=\u00bb4.16&#8243; global_colors_info=\u00bb{}\u00bb][et_pb_image src=\u00bbhttps:\/\/trensa.com\/cedivet\/wp-content\/uploads\/2019\/07\/producto7.png\u00bb align=\u00bbcenter\u00bb _builder_version=\u00bb4.16&#8243; transform_scale_last_edited=\u00bboff|desktop\u00bb transform_translate_last_edited=\u00bboff|desktop\u00bb transform_rotate=\u00bb0deg|0deg|352deg\u00bb transform_rotate_tablet=\u00bb0deg|0deg|0deg\u00bb transform_rotate_phone=\u00bb0deg|0deg|0deg\u00bb transform_rotate_last_edited=\u00bboff|desktop\u00bb transform_skew_last_edited=\u00bboff|desktop\u00bb transform_origin_last_edited=\u00bboff|desktop\u00bb transform_styles_last_edited=\u00bboff|desktop\u00bb width=\u00bb100%\u00bb width_tablet=\u00bb\u00bb width_phone=\u00bb\u00bb width_last_edited=\u00bbon|phone\u00bb custom_margin=\u00bb70px||||false|false\u00bb animation_style=\u00bbbounce\u00bb hover_enabled=\u00bb1&#8243; border_color_all=\u00bbrgba(1,99,58,0.5)\u00bb global_colors_info=\u00bb{}\u00bb transform_styles__hover_enabled=\u00bbon\u00bb transform_scale__hover_enabled=\u00bbon\u00bb transform_translate__hover_enabled=\u00bbon\u00bb transform_rotate__hover_enabled=\u00bbon\u00bb transform_skew__hover_enabled=\u00bbon\u00bb transform_origin__hover_enabled=\u00bbon\u00bb transform_rotate__hover=\u00bb0deg|0deg|358deg\u00bb][\/et_pb_image][\/et_pb_column][et_pb_column type=\u00bb2_3&#8243; _builder_version=\u00bb4.16&#8243; global_colors_info=\u00bb{}\u00bb][et_pb_text _builder_version=\u00bb4.16&#8243; header_font=\u00bb|600|||||||\u00bb header_text_color=\u00bb#01633a\u00bb header_font_size=\u00bb24px\u00bb global_colors_info=\u00bb{}\u00bb]<\/p>\n<h1>El PRODUCTO<\/h1>\n<p>[\/et_pb_text][et_pb_text _builder_version=\u00bb4.16&#8243; text_font_size=\u00bb28px\u00bb text_line_height=\u00bb1.2em\u00bb global_colors_info=\u00bb{}\u00bb]<\/p>\n<p>La sangre desfibrinada de carnero\u00a0<strong>CEDIVET<\/strong> es sangre completa que ha sido procesada<\/p>\n<p>[\/et_pb_text][et_pb_text _builder_version=\u00bb4.16&#8243; text_font_size=\u00bb15px\u00bb global_colors_info=\u00bb{}\u00bb]<\/p>\n<p>sin uso alguno de aditivos o preservantes para remover la fibrina, factor que estimula la coagulaci\u00f3n de la sangre que interfiere con la preparaci\u00f3n y utilizaci\u00f3n en el medio de cultivo. Est\u00e1 libre de citratos u otros anticoagulantes y libre de agentes complejantes que puedan interferir con el desarrollo microbiano. Adem\u00e1s, esta libre de factores inmunol\u00f3gicos que com\u00fanmente se encuentran en la sangre humana interfiriendo con el diagn\u00f3stico. La sangre de carnero es la m\u00e1s adecuada para la preparaci\u00f3n de Agar Sangre y Agar Chocolate. Com\u00fanmente se utiliza la sangre desfibrinada de carnero entre 5 &#8211; 10% como un medio de enriquecimiento nutritivo en la preparaci\u00f3n de medios de cultivo. \u00c9ste es utilizado principalmente para el crecimiento, identificaci\u00f3n y observaci\u00f3n de las reacciones hemol\u00edticas causadas por algunas bacterias con importancia cl\u00ednica.<\/p>\n<p>[\/et_pb_text][\/et_pb_column][\/et_pb_row][et_pb_row _builder_version=\u00bb4.16&#8243; global_colors_info=\u00bb{}\u00bb][et_pb_column type=\u00bb4_4&#8243; _builder_version=\u00bb4.16&#8243; global_colors_info=\u00bb{}\u00bb][et_pb_text _builder_version=\u00bb4.16&#8243; text_font_size=\u00bb15px\u00bb global_colors_info=\u00bb{}\u00bb]<\/p>\n<p>Toda la sangre desfibrinada de\u00a0carnero <strong>CEDIVET<\/strong> es recolectada de ovejas sanas libre de enfermedades y que est\u00e1n constantemente supervisados profesionalmente. Nuestros reba\u00f1os est\u00e1n ubicados en dos fincas diferentes; una al Norte de la ciudad de Guatemala y la otra al Este. Est\u00e1n separadas y aisladas por motivos de mayor control y seguridad para las ovejas, manteni\u00e9ndolas libre de enfermedades y con suficiente espacio para forrajear libremente. Las ovejas est\u00e1n sometidas a una dieta estrictamente controlada y apropiada &#8211; libre de antibi\u00f3ticos. Los animales sangrados no est\u00e1n sometidos o expuestos a ninguna clase de medicamento y se percata de no sobre-sangrarlos, sangr\u00e1ndolos de una forma rotativa c\u00edclica permitiendo que el animal tenga suficiente tiempo para recuperar su volumen de c\u00e9lulas y as\u00ed evitar que desarrollen una anemia causando p\u00e9rdida de calidad. La extracci\u00f3n, colecci\u00f3n y envasado de la sangre es bajo condiciones estrictamente as\u00e9pticas para garantizar su esterilidad.<\/p>\n<p>[\/et_pb_text][et_pb_text _builder_version=\u00bb4.16&#8243; text_font_size=\u00bb15px\u00bb global_colors_info=\u00bb{}\u00bb]<\/p>\n<p><span style=\"font-size: 15px;\">La sangre de\u00a0carnero <\/span><strong style=\"font-size: 15px;\">CEDIVET<\/strong><span style=\"font-size: 15px;\"> es sometida a un alto control de calidad para garantizarle un producto consistente y confiable, tanto en la calidad de la sangre (midiendo rango de hematocrito y hemoglobina) como en su esterilidad completa.<\/span><\/p>\n<p>El producto final es envasado en un recipiente desechable y etiquetado con la fecha de vencimiento y n\u00famero de lote que identifica la fecha de producci\u00f3n y proveniencia.<\/p>\n<p>&nbsp;<\/p>\n<p>[\/et_pb_text][\/et_pb_column][\/et_pb_row][et_pb_row column_structure=\u00bb1_3,1_3,1_3&#8243; _builder_version=\u00bb4.16&#8243; global_colors_info=\u00bb{}\u00bb][et_pb_column type=\u00bb1_3&#8243; _builder_version=\u00bb4.16&#8243; global_colors_info=\u00bb{}\u00bb][et_pb_blurb title=\u00bbAPLICACI\u00d3NES\u00bb image=\u00bbhttps:\/\/trensa.com\/cedivet\/wp-content\/uploads\/2019\/07\/aplicaciones.png\u00bb image_icon_width=\u00bb56%\u00bb _builder_version=\u00bb4.16&#8243; header_text_color=\u00bb#01633a\u00bb body_line_height=\u00bb1.5em\u00bb text_orientation=\u00bbcenter\u00bb image_max_width=\u00bb56%\u00bb global_colors_info=\u00bb{}\u00bb]<\/p>\n<p>La sangre desfibrinada de carnero CEDIVET tiene como intenci\u00f3n de ser utilizada como un suplemento nutritivo para los medios de cultivo de Agar Sangre y Agar Chocolate.<\/p>\n<p>[\/et_pb_blurb][\/et_pb_column][et_pb_column type=\u00bb1_3&#8243; _builder_version=\u00bb4.16&#8243; global_colors_info=\u00bb{}\u00bb][et_pb_blurb title=\u00bbCONSERVACI\u00d3N\u00bb image=\u00bbhttps:\/\/trensa.com\/cedivet\/wp-content\/uploads\/2019\/07\/conservacion.png\u00bb image_icon_width=\u00bb56%\u00bb _builder_version=\u00bb4.16&#8243; header_text_color=\u00bb#01633a\u00bb body_line_height=\u00bb1.5em\u00bb text_orientation=\u00bbcenter\u00bb image_max_width=\u00bb56%\u00bb global_colors_info=\u00bb{}\u00bb]Conservar en refrigeraci\u00f3n entre 4\u00b0 a 6\u00b0 C hasta su empleo. Llevar a temperatura ambiente antes de usar. Mantener producto fuera de luz directa.[\/et_pb_blurb][\/et_pb_column][et_pb_column type=\u00bb1_3&#8243; _builder_version=\u00bb4.16&#8243; global_colors_info=\u00bb{}\u00bb][et_pb_blurb title=\u00bbPRECAUCI\u00d3N\u00bb image=\u00bbhttps:\/\/trensa.com\/cedivet\/wp-content\/uploads\/2019\/07\/precaucion.png\u00bb image_icon_width=\u00bb56%\u00bb _builder_version=\u00bb4.16&#8243; header_text_color=\u00bb#01633a\u00bb body_line_height=\u00bb1.5em\u00bb text_orientation=\u00bbcenter\u00bb image_max_width=\u00bb56%\u00bb global_colors_info=\u00bb{}\u00bb]Para uso in Vitro en el laboratorio \u00fanicamente.[\/et_pb_blurb][\/et_pb_column][\/et_pb_row][\/et_pb_section][et_pb_section fb_built=\u00bb1&#8243; module_id=\u00bbpedidos\u00bb _builder_version=\u00bb4.16&#8243; background_color=\u00bb#01633a\u00bb global_colors_info=\u00bb{}\u00bb][et_pb_row column_structure=\u00bb1_3,2_3&#8243; _builder_version=\u00bb4.16&#8243; global_colors_info=\u00bb{}\u00bb][et_pb_column type=\u00bb1_3&#8243; _builder_version=\u00bb4.16&#8243; global_colors_info=\u00bb{}\u00bb][et_pb_image src=\u00bbhttps:\/\/trensa.com\/cedivet\/wp-content\/uploads\/2019\/07\/pedidostrack.png\u00bb _builder_version=\u00bb4.16&#8243; width=\u00bb78%\u00bb global_colors_info=\u00bb{}\u00bb][\/et_pb_image][\/et_pb_column][et_pb_column type=\u00bb2_3&#8243; _builder_version=\u00bb4.16&#8243; global_colors_info=\u00bb{}\u00bb][et_pb_text _builder_version=\u00bb4.16&#8243; text_font=\u00bb|300|||||||\u00bb text_text_color=\u00bb#ffffff\u00bb text_font_size=\u00bb17px\u00bb header_text_color=\u00bb#ffffff\u00bb header_font_size=\u00bb34px\u00bb custom_padding=\u00bb20px||20px|30px|false|false\u00bb border_width_left=\u00bb9px\u00bb border_color_left=\u00bbrgba(255,255,255,0.27)\u00bb global_colors_info=\u00bb{}\u00bb]<\/p>\n<h1>PEDIDOS<\/h1>\n<p>Tenemos dos tipos de presentaci\u00f3n en envases desechables de 25mL y 50mL. No hay pedido m\u00ednimo y existe precio especial para mayoristas.<\/p>\n<p>Puede hacer sus pedidos con tan solo llamar al +502 2369-8791. Los pedidos tardan aproximadamente una semana en procesar. Por lo tanto, considere hacer su pedido con anticipaci\u00f3n.<\/p>\n<p>Para nuestros futuros clientes, pida una muestra gratuita de 25ml. (Aplican restricciones y cobros de env\u00edo). Por favor, haga su pedido con anticipaci\u00f3n.<\/p>\n<p>Para nuestros clientes en la Ciudad de Guatemala, los pedidos se entregan los d\u00edas mi\u00e9rcoles sin cobro de env\u00edo.<\/p>\n<p>Pregunte por nuestro nuevo servicio de pedido y entrega especial.<\/p>\n<p>[\/et_pb_text][\/et_pb_column][\/et_pb_row][et_pb_row _builder_version=\u00bb4.16&#8243; global_colors_info=\u00bb{}\u00bb][et_pb_column type=\u00bb4_4&#8243; _builder_version=\u00bb4.16&#8243; global_colors_info=\u00bb{}\u00bb][et_pb_image src=\u00bbhttps:\/\/trensa.com\/cedivet\/wp-content\/uploads\/2019\/07\/pedidos3.png\u00bb _builder_version=\u00bb4.16&#8243; global_colors_info=\u00bb{}\u00bb][\/et_pb_image][et_pb_blurb title=\u00bbSATISFACCI\u00d3N GARANTIZADA\u00bb image=\u00bbhttps:\/\/trensa.com\/cedivet\/wp-content\/uploads\/2019\/07\/satisfaccion.png\u00bb icon_placement=\u00bbleft\u00bb image_icon_width=\u00bb100px\u00bb _builder_version=\u00bb4.16&#8243; header_text_color=\u00bb#ffffff\u00bb header_font_size=\u00bb25px\u00bb body_font=\u00bb|300|||||||\u00bb body_text_color=\u00bb#ffffff\u00bb body_font_size=\u00bb17px\u00bb custom_margin=\u00bb100px||||false|false\u00bb image_max_width=\u00bb100px\u00bb global_colors_info=\u00bb{}\u00bb]Creemos en las mejoras continuas de la calidad de nuestros productos con un incremento continuo de la satisfacci\u00f3n de nuestros clientes. Continuar mejorando es nuestra meta de satisfacer a un 100% las necesidades de nuestros clientes. Comentarios o reclamos referente a la calidad de nuestros productos o servicio se pueden enviar a la siguiente direccion. Necesitamos de su opini\u00f3n para continuar siendo la mejor empresa que satisfaga su necesidad.[\/et_pb_blurb][\/et_pb_column][\/et_pb_row][\/et_pb_section][et_pb_section fb_built=\u00bb1&#8243; module_id=\u00bbcontacto\u00bb _builder_version=\u00bb4.16&#8243; global_colors_info=\u00bb{}\u00bb][et_pb_row column_structure=\u00bb3_4,1_4&#8243; _builder_version=\u00bb4.16&#8243; global_colors_info=\u00bb{}\u00bb][et_pb_column type=\u00bb3_4&#8243; _builder_version=\u00bb4.16&#8243; global_colors_info=\u00bb{}\u00bb][et_pb_contact_form captcha=\u00bboff\u00bb email=\u00bbinfo@trensa.com\u00bb title=\u00bbCont\u00c1ctenos\u00bb submit_button_text=\u00bbEnviar\u00bb _builder_version=\u00bb4.19.3&#8243; _unique_id=\u00bb1497ebb5-6ba9-4c09-8d4e-d1dcc52208db\u00bb title_font=\u00bb|||on|||||\u00bb title_text_color=\u00bb#01633a\u00bb custom_button=\u00bbon\u00bb button_text_color=\u00bb#ffffff\u00bb button_bg_color=\u00bb#01633a\u00bb hover_enabled=\u00bb0&#8243; global_colors_info=\u00bb{}\u00bb sticky_enabled=\u00bb0&#8243;][et_pb_contact_field field_id=\u00bbName\u00bb field_title=\u00bbNombre\u00bb _builder_version=\u00bb4.16&#8243; global_colors_info=\u00bb{}\u00bb button_text_size__hover_enabled=\u00bboff\u00bb button_one_text_size__hover_enabled=\u00bboff\u00bb button_two_text_size__hover_enabled=\u00bboff\u00bb button_text_color__hover_enabled=\u00bboff\u00bb button_one_text_color__hover_enabled=\u00bboff\u00bb button_two_text_color__hover_enabled=\u00bboff\u00bb button_border_width__hover_enabled=\u00bboff\u00bb button_one_border_width__hover_enabled=\u00bboff\u00bb button_two_border_width__hover_enabled=\u00bboff\u00bb button_border_color__hover_enabled=\u00bboff\u00bb button_one_border_color__hover_enabled=\u00bboff\u00bb button_two_border_color__hover_enabled=\u00bboff\u00bb button_border_radius__hover_enabled=\u00bboff\u00bb button_one_border_radius__hover_enabled=\u00bboff\u00bb button_two_border_radius__hover_enabled=\u00bboff\u00bb button_letter_spacing__hover_enabled=\u00bboff\u00bb button_one_letter_spacing__hover_enabled=\u00bboff\u00bb button_two_letter_spacing__hover_enabled=\u00bboff\u00bb button_bg_color__hover_enabled=\u00bboff\u00bb button_one_bg_color__hover_enabled=\u00bboff\u00bb button_two_bg_color__hover_enabled=\u00bboff\u00bb][\/et_pb_contact_field][et_pb_contact_field field_id=\u00bbEmail\u00bb field_title=\u00bbDirecci\u00f3n de correo electr\u00f3nico\u00bb field_type=\u00bbemail\u00bb _builder_version=\u00bb4.16&#8243; global_colors_info=\u00bb{}\u00bb button_text_size__hover_enabled=\u00bboff\u00bb button_one_text_size__hover_enabled=\u00bboff\u00bb button_two_text_size__hover_enabled=\u00bboff\u00bb button_text_color__hover_enabled=\u00bboff\u00bb button_one_text_color__hover_enabled=\u00bboff\u00bb button_two_text_color__hover_enabled=\u00bboff\u00bb button_border_width__hover_enabled=\u00bboff\u00bb button_one_border_width__hover_enabled=\u00bboff\u00bb button_two_border_width__hover_enabled=\u00bboff\u00bb button_border_color__hover_enabled=\u00bboff\u00bb button_one_border_color__hover_enabled=\u00bboff\u00bb button_two_border_color__hover_enabled=\u00bboff\u00bb button_border_radius__hover_enabled=\u00bboff\u00bb button_one_border_radius__hover_enabled=\u00bboff\u00bb button_two_border_radius__hover_enabled=\u00bboff\u00bb button_letter_spacing__hover_enabled=\u00bboff\u00bb button_one_letter_spacing__hover_enabled=\u00bboff\u00bb button_two_letter_spacing__hover_enabled=\u00bboff\u00bb button_bg_color__hover_enabled=\u00bboff\u00bb button_one_bg_color__hover_enabled=\u00bboff\u00bb button_two_bg_color__hover_enabled=\u00bboff\u00bb][\/et_pb_contact_field][et_pb_contact_field field_id=\u00bbTel\u00e9fono\u00bb field_title=\u00bbTel\u00e9fono\u00bb _builder_version=\u00bb4.16&#8243; global_colors_info=\u00bb{}\u00bb button_text_size__hover_enabled=\u00bboff\u00bb button_one_text_size__hover_enabled=\u00bboff\u00bb button_two_text_size__hover_enabled=\u00bboff\u00bb button_text_color__hover_enabled=\u00bboff\u00bb button_one_text_color__hover_enabled=\u00bboff\u00bb button_two_text_color__hover_enabled=\u00bboff\u00bb button_border_width__hover_enabled=\u00bboff\u00bb button_one_border_width__hover_enabled=\u00bboff\u00bb button_two_border_width__hover_enabled=\u00bboff\u00bb button_border_color__hover_enabled=\u00bboff\u00bb button_one_border_color__hover_enabled=\u00bboff\u00bb button_two_border_color__hover_enabled=\u00bboff\u00bb button_border_radius__hover_enabled=\u00bboff\u00bb button_one_border_radius__hover_enabled=\u00bboff\u00bb button_two_border_radius__hover_enabled=\u00bboff\u00bb button_letter_spacing__hover_enabled=\u00bboff\u00bb button_one_letter_spacing__hover_enabled=\u00bboff\u00bb button_two_letter_spacing__hover_enabled=\u00bboff\u00bb button_bg_color__hover_enabled=\u00bboff\u00bb button_one_bg_color__hover_enabled=\u00bboff\u00bb button_two_bg_color__hover_enabled=\u00bboff\u00bb][\/et_pb_contact_field][et_pb_contact_field field_id=\u00bbMessage\u00bb field_title=\u00bbMensaje\u00bb field_type=\u00bbtext\u00bb fullwidth_field=\u00bbon\u00bb _builder_version=\u00bb4.16&#8243; global_colors_info=\u00bb{}\u00bb button_text_size__hover_enabled=\u00bboff\u00bb button_one_text_size__hover_enabled=\u00bboff\u00bb button_two_text_size__hover_enabled=\u00bboff\u00bb button_text_color__hover_enabled=\u00bboff\u00bb button_one_text_color__hover_enabled=\u00bboff\u00bb button_two_text_color__hover_enabled=\u00bboff\u00bb button_border_width__hover_enabled=\u00bboff\u00bb button_one_border_width__hover_enabled=\u00bboff\u00bb button_two_border_width__hover_enabled=\u00bboff\u00bb button_border_color__hover_enabled=\u00bboff\u00bb button_one_border_color__hover_enabled=\u00bboff\u00bb button_two_border_color__hover_enabled=\u00bboff\u00bb button_border_radius__hover_enabled=\u00bboff\u00bb button_one_border_radius__hover_enabled=\u00bboff\u00bb button_two_border_radius__hover_enabled=\u00bboff\u00bb button_letter_spacing__hover_enabled=\u00bboff\u00bb button_one_letter_spacing__hover_enabled=\u00bboff\u00bb button_two_letter_spacing__hover_enabled=\u00bboff\u00bb button_bg_color__hover_enabled=\u00bboff\u00bb button_one_bg_color__hover_enabled=\u00bboff\u00bb button_two_bg_color__hover_enabled=\u00bboff\u00bb][\/et_pb_contact_field][\/et_pb_contact_form][\/et_pb_column][et_pb_column type=\u00bb1_4&#8243; _builder_version=\u00bb4.16&#8243; global_colors_info=\u00bb{}\u00bb][et_pb_text _builder_version=\u00bb4.16&#8243; text_font_size=\u00bb17px\u00bb header_font=\u00bb|||on|||||\u00bb header_text_color=\u00bb#01633a\u00bb custom_margin=\u00bb0px||0px||false|false\u00bb global_colors_info=\u00bb{}\u00bb]<\/p>\n<h1>Laboratorio<\/h1>\n<p>[\/et_pb_text][et_pb_blurb use_icon=\u00bbon\u00bb font_icon=\u00bb&#xe090;||divi||400&#8243; icon_color=\u00bb#01633a\u00bb icon_placement=\u00bbleft\u00bb image_icon_width=\u00bb27px\u00bb _builder_version=\u00bb4.16&#8243; body_font_size=\u00bb20px\u00bb custom_margin=\u00bb10px||0px||false|false\u00bb icon_font_size=\u00bb27px\u00bb global_colors_info=\u00bb{}\u00bb]<\/p>\n<p>+502 2369-0379<\/p>\n<p>[\/et_pb_blurb][et_pb_blurb use_icon=\u00bbon\u00bb font_icon=\u00bb&#xe076;||divi||400&#8243; icon_color=\u00bb#01633a\u00bb icon_placement=\u00bbleft\u00bb image_icon_width=\u00bb27px\u00bb _builder_version=\u00bb4.16&#8243; body_font_size=\u00bb20px\u00bb custom_margin=\u00bb10px||0px||false|false\u00bb icon_font_size=\u00bb27px\u00bb global_colors_info=\u00bb{}\u00bb]<a href=\"mailto:jjtpc@netscape.net\" style='color:#01633a;'>jjtpc@aol.com<\/a>[\/et_pb_blurb][et_pb_text _builder_version=\u00bb4.16&#8243; text_font_size=\u00bb17px\u00bb header_font=\u00bb|||on|||||\u00bb header_text_color=\u00bb#01633a\u00bb custom_margin=\u00bb40px||0px||false|false\u00bb global_colors_info=\u00bb{}\u00bb]<\/p>\n<h1>Administraci\u00f3n<\/h1>\n<p>[\/et_pb_text][et_pb_blurb use_icon=\u00bbon\u00bb font_icon=\u00bb&#xe090;||divi||400&#8243; icon_color=\u00bb#01633a\u00bb icon_placement=\u00bbleft\u00bb image_icon_width=\u00bb27px\u00bb _builder_version=\u00bb4.16&#8243; body_font_size=\u00bb20px\u00bb custom_margin=\u00bb10px||0px||false|false\u00bb icon_font_size=\u00bb27px\u00bb global_colors_info=\u00bb{}\u00bb]<\/p>\n<p>+502 2369-8791<\/p>\n<p>[\/et_pb_blurb][et_pb_blurb use_icon=\u00bbon\u00bb font_icon=\u00bb&#xe076;||divi||400&#8243; icon_color=\u00bb#01633a\u00bb icon_placement=\u00bbleft\u00bb image_icon_width=\u00bb27px\u00bb _builder_version=\u00bb4.16&#8243; body_font_size=\u00bb20px\u00bb custom_margin=\u00bb10px||0px||false|false\u00bb icon_font_size=\u00bb27px\u00bb global_colors_info=\u00bb{}\u00bb]<a href=\"mailto:jjtpc@netscape.net\" style='color:#01633a;'>jjtpc@netscape.net<\/a>[\/et_pb_blurb][\/et_pb_column][\/et_pb_row][\/et_pb_section]<\/p>\n","protected":false},"excerpt":{"rendered":"<p>SOBRE NOSOTROSCEDIVET es una empresa que se origin\u00f3 en la Ciudad de Guatemala como Centro de Diagn\u00f3stico Veterinario en el a\u00f1o 1,992. Fundado por el reconocido Dr. Frederick Trent. CEDIVET se\u00a0 dedica al diagn\u00f3stico microbiol\u00f3gico cl\u00ednico veterinario e industrial. Adicionalmente se recolecta, procesa y envasa la sangre de carnero desfibrinada obteniendo un producto est\u00e9ril de [&hellip;]<\/p>\n","protected":false},"author":1,"featured_media":0,"parent":0,"menu_order":0,"comment_status":"closed","ping_status":"closed","template":"","meta":{"_et_pb_use_builder":"on","_et_pb_old_content":"","_et_gb_content_width":"","footnotes":""},"class_list":["post-10","page","type-page","status-publish","hentry"],"_links":{"self":[{"href":"https:\/\/trensa.com\/cedivet\/wp-json\/wp\/v2\/pages\/10","targetHints":{"allow":["GET"]}}],"collection":[{"href":"https:\/\/trensa.com\/cedivet\/wp-json\/wp\/v2\/pages"}],"about":[{"href":"https:\/\/trensa.com\/cedivet\/wp-json\/wp\/v2\/types\/page"}],"author":[{"embeddable":true,"href":"https:\/\/trensa.com\/cedivet\/wp-json\/wp\/v2\/users\/1"}],"replies":[{"embeddable":true,"href":"https:\/\/trensa.com\/cedivet\/wp-json\/wp\/v2\/comments?post=10"}],"version-history":[{"count":40,"href":"https:\/\/trensa.com\/cedivet\/wp-json\/wp\/v2\/pages\/10\/revisions"}],"predecessor-version":[{"id":124,"href":"https:\/\/trensa.com\/cedivet\/wp-json\/wp\/v2\/pages\/10\/revisions\/124"}],"wp:attachment":[{"href":"https:\/\/trensa.com\/cedivet\/wp-json\/wp\/v2\/media?parent=10"}],"curies":[{"name":"wp","href":"https:\/\/api.w.org\/{rel}","templated":true}]}}